{"id":326,"date":"2024-10-03T19:42:41","date_gmt":"2024-10-03T19:42:41","guid":{"rendered":"https:\/\/www.pourtex.ch\/?page_id=326"},"modified":"2024-10-03T19:44:31","modified_gmt":"2024-10-03T19:44:31","slug":"agb","status":"publish","type":"page","link":"https:\/\/www.pourtex.ch\/en\/agb\/","title":{"rendered":"Terms and Conditions"},"content":{"rendered":"<div data-elementor-type=\"wp-page\" data-elementor-id=\"326\" class=\"elementor elementor-326\" data-elementor-post-type=\"page\">\n\t\t\t\t<div class=\"elementor-element elementor-element-bb56ff0 e-flex e-con-boxed e-con e-parent\" data-id=\"bb56ff0\" data-element_type=\"container\" data-e-type=\"container\">\n\t\t\t\t\t<div class=\"e-con-inner\">\n\t\t\t\t<div class=\"elementor-element elementor-element-dd20a39 elementor-widget elementor-widget-heading\" data-id=\"dd20a39\" data-element_type=\"widget\" data-e-type=\"widget\" data-widget_type=\"heading.default\">\n\t\t\t\t<div class=\"elementor-widget-container\">\n\t\t\t\t\t<h2 class=\"elementor-heading-title elementor-size-default\">ALLGEMEINE GESCH\u00c4FTSBEDINGUNGEN<\/h2>\t\t\t\t<\/div>\n\t\t\t\t<\/div>\n\t\t\t\t<div class=\"elementor-element elementor-element-0d3f999 elementor-widget elementor-widget-text-editor\" data-id=\"0d3f999\" data-element_type=\"widget\" data-e-type=\"widget\" data-widget_type=\"text-editor.default\">\n\t\t\t\t<div class=\"elementor-widget-container\">\n\t\t\t\t\t\t\t\t\t<p><strong><span lang=\"DE-CH\">Pourtex Textilreinigung\u00a0<\/span><\/strong><br \/><span lang=\"DE-CH\">Pourtex GmbH<\/span><br \/><span lang=\"DE-CH\">Zentralstrasse 21, 8610 Uster<\/span><br \/><span lang=\"DE-CH\">Telefon 044 552 03 08, info@pourtex.ch\u00a0<\/span><span lang=\"EN-GB\"><a href=\"https:\/\/www.pourtex.ch\/en\/\"><br \/><span lang=\"DE-CH\">www.pourtex.ch<\/span><\/a><\/span><\/p><p><u><span lang=\"DE-CH\">Mit Abgabe der Artikel werden die Allgemeinen Gesch\u00e4ftsbedingungen anerkannt.<\/span><\/u><\/p><p><strong>AUSF\u00dcHRUNG UND LEISTUNG<\/strong><\/p><ol><li>Wir verpflichten uns zu fachm\u00e4nnischer, sorgf\u00e4ltiger, materialschonender und umweltbewusster Textilpflege.<\/li><li>Pourtex kann f\u00fcr besondere Artikel (Risikoteile, teure und\/oder materialbedingt bearbeitungsintensive St\u00fccke usw.) Zuschl\u00e4ge auf den in der Preisliste festgesetzten Preisen verlangen.<\/li><li>Die durch Pourtex ausgez\u00e4hlte St\u00fcckzahl respektive ausgez\u00e4hlten oder gewogenen Mengen sind massgebend f\u00fcr die Lieferung, R\u00fcckgabe und Verrechnung.<\/li><\/ol><p><strong>VERANTWORTLICHKEIT<\/strong><\/p><ol><li><strong>Jede Haftung von POURTEX wird wegbedungen<\/strong>, ausgenommen f\u00fcr F\u00e4lle grober Fahrl\u00e4ssigkeit.<\/li><li>Voraussetzung einer Haftung von Pourtex ist die Best\u00e4ndigkeit der Artikel bei einer Behandlung gem\u00e4ss dem auf der Textilpflegekennzeichnung empfohlenen Verfahren.<\/li><li><strong>Eine Haftung wird bei fehlender Textilpflegekennzeichnung ausdr\u00fccklich abgelehnt<\/strong>.<\/li><li><strong>Eine Haftung wird zudem abgelehnt, wenn das Textilpflegekennzeichen keine Reinigung und keinen Waschprozess erlaubt, der Kunde jedoch dennoch eine Behandlung durch die Textilreinigung w\u00fcnscht<\/strong>.<\/li><li>Trotz vorangegangener fachm\u00e4nnischer rascher Fachkontrolle bei der Annahme der Artikel kann Pourtex keine Verantwortung \u00fcbernehmen f\u00fcr Sch\u00e4den, die entstehen durch eine nicht erkennbare Beschaffenheit oder durch versteckte M\u00e4ngel, wie ungen\u00fcgende Festigkeit des Materials oder der N\u00e4hte, mangelhafte Farbechtheit und Druckqualit\u00e4t, Einfl\u00fcsse auf Kn\u00f6pfe, Schnallen, Reissverschl\u00fcsse, Achselpolster, Applikationen, Ornamente, B\u00e4ndel usw. \u2013 oder durch eine fehlerhafte Textilpflegekennzeichnung. Eine Haftung f\u00fcr Verlust von Kn\u00f6pfen, Applikation und dergleichen ist ausgeschlossen. Eine Haftung f\u00fcr Mass- oder Farbtonver\u00e4nderungen der Textilien im \u00fcblichen Toleranzbereich ist ebenfalls ausgeschlossen.<\/li><li>Eine Spezialbehandlung erfolgt nur, wenn dies offensichtlich notwendig ist; insbesondere durch feststellbare empfindliche Eigenschaften oder durch Verschmutzungen, welche eine Sonderbehandlung erfordern. Die Pflegesymbole und\/oder Pflegehinweise der Textilpflegekennzeichnung sind f\u00fcr Pourtex massgebend.<\/li><li><span lang=\"DE-CH\">Pourtex kann bei der Annahme des Pflegeauftrages einen Vorbehalt anbringen (sog. Vorbehaltserkl\u00e4rung).<\/span><\/li><li><strong>Pourtex gew\u00e4hrt keine Garantie f\u00fcr die erfolgreiche Ausf\u00fchrung des Pflegeauftrages<\/strong><strong>.<\/strong><\/li><\/ol><p><strong>R\u00dcCKGABE<\/strong><\/p><ol><li>Pourtex bem\u00fcht sich, die vereinbarten Liefertermine einzuhalten. Versp\u00e4tungen berechtigen den Kunden nicht zu Schadenersatzanspr\u00fcchen.<\/li><li><strong>Die Ausgabe des Artikels erfolgt nur gegen Bezahlung und gegen R\u00fcckgabe des Abholscheines.<\/strong><\/li><li>Die Artikel m\u00fcssen innerhalb von sechs Monaten nach Auftragserteilung abgeholt werden. Erfolgt die Abholung der Artikel nicht innerhalb dieser Frist, kann Pourtex frei dar\u00fcber verf\u00fcgen ohne den Kunden zu entsch\u00e4digen.<\/li><li>Kann der Reinigungsauftrag nicht ausgef\u00fchrt werden, bekommt der Kunde die Artikel unbehandelt zur\u00fcck.<\/li><\/ol><p><strong>BEANSTANDUNGEN<\/strong><\/p><ol><li><strong>Reklamationen des Kunden m\u00fcssen unter Vorlage der Zahlungsquittung unverz\u00fcglich, sp\u00e4testens innerhalb von drei Arbeitstagen ab Erhalt des Artikels erfolgen.<\/strong><\/li><li>Beanstandungen werden von Pourtex sorgf\u00e4ltig gepr\u00fcft und begr\u00fcndet beantwortet oder erkl\u00e4rt.<\/li><li>Schadenf\u00e4lle im Textilpflegebereich k\u00f6nnen in der Schweiz nicht versichert werden. Ein allf\u00e4lliger Schadenersatz bei Sch\u00e4den am Artikel oder bei Verlust desselben bemisst sich nach der Zeitwerttabelle f\u00fcr die Wertabnahme von Textilpflegeartikeln. Ein Realersatz ist ausgeschlossen.<\/li><\/ol><p><strong>ANWENDBARES RECHT<\/strong><\/p><ol><li>Es ist ausschliesslich Schweizer Recht anwendbar.<\/li><li>Kommt keine Einigung zustande, empfehlen wir den Parteien, den Schadenfall der Parit\u00e4tischen Schadenerledigungsstelle des Verbandes Textilpflege Schweiz (VTS) zur Begutachtung und Schlichtung zu unterbreiten.<\/li><li>Gerichtsstand f\u00fcr jegliche Streitigkeiten aus dem Pflegeauftrag ist Uster.<\/li><\/ol>\t\t\t\t\t\t\t\t<\/div>\n\t\t\t\t<\/div>\n\t\t\t\t\t<\/div>\n\t\t\t\t<\/div>\n\t\t\t\t<\/div>","protected":false},"excerpt":{"rendered":"<p>ALLGEMEINE GESCH\u00c4FTSBEDINGUNGEN Pourtex Textilreinigung\u00a0Pourtex GmbHZentralstrasse 21, 8610 UsterTelefon 044 552 03 08, info@pourtex.ch\u00a0www.pourtex.ch Mit Abgabe der Artikel werden die Allgemeinen Gesch\u00e4ftsbedingungen anerkannt. AUSF\u00dcHRUNG UND LEISTUNG Wir verpflichten uns zu fachm\u00e4nnischer, sorgf\u00e4ltiger, materialschonender und umweltbewusster Textilpflege. Pourtex kann f\u00fcr besondere Artikel (Risikoteile, teure und\/oder materialbedingt bearbeitungsintensive St\u00fccke usw.) Zuschl\u00e4ge auf den in der Preisliste festgesetzten Preisen [&hellip;]<\/p>\n","protected":false},"author":1,"featured_media":0,"parent":0,"menu_order":0,"comment_status":"closed","ping_status":"closed","template":"elementor_header_footer","meta":{"footnotes":""},"class_list":["post-326","page","type-page","status-publish","hentry"],"yoast_head":"<!-- This site is optimized with the Yoast SEO plugin v27.4 - https:\/\/yoast.com\/product\/yoast-seo-wordpress\/ -->\n<title>AGB | POURTEX Textilreinigung<\/title>\n<meta name=\"robots\" content=\"index, follow, max-snippet:-1, max-image-preview:large, max-video-preview:-1\" \/>\n<link rel=\"canonical\" href=\"https:\/\/www.pourtex.ch\/en\/agb\/\" \/>\n<meta property=\"og:locale\" content=\"en_US\" \/>\n<meta property=\"og:type\" content=\"article\" \/>\n<meta property=\"og:title\" content=\"AGB | POURTEX Textilreinigung\" \/>\n<meta property=\"og:description\" content=\"ALLGEMEINE GESCH\u00c4FTSBEDINGUNGEN Pourtex Textilreinigung\u00a0Pourtex GmbHZentralstrasse 21, 8610 UsterTelefon 044 552 03 08, info@pourtex.ch\u00a0www.pourtex.ch Mit Abgabe der Artikel werden die Allgemeinen Gesch\u00e4ftsbedingungen anerkannt. AUSF\u00dcHRUNG UND LEISTUNG Wir verpflichten uns zu fachm\u00e4nnischer, sorgf\u00e4ltiger, materialschonender und umweltbewusster Textilpflege. Pourtex kann f\u00fcr besondere Artikel (Risikoteile, teure und\/oder materialbedingt bearbeitungsintensive St\u00fccke usw.) Zuschl\u00e4ge auf den in der Preisliste festgesetzten Preisen [&hellip;]\" \/>\n<meta property=\"og:url\" content=\"https:\/\/www.pourtex.ch\/en\/agb\/\" \/>\n<meta property=\"og:site_name\" content=\"POURTEX Textilreinigung\" \/>\n<meta property=\"article:modified_time\" content=\"2024-10-03T19:44:31+00:00\" \/>\n<meta property=\"og:image\" content=\"https:\/\/www.pourtex.ch\/wp-content\/uploads\/2024\/10\/Pourtex_Kundenkarte.jpg\" \/>\n\t<meta property=\"og:image:width\" content=\"1500\" \/>\n\t<meta property=\"og:image:height\" content=\"1001\" \/>\n\t<meta property=\"og:image:type\" content=\"image\/jpeg\" \/>\n<meta name=\"twitter:card\" content=\"summary_large_image\" \/>\n<meta name=\"twitter:label1\" content=\"Est. reading time\" \/>\n\t<meta name=\"twitter:data1\" content=\"3 minutes\" \/>\n<script type=\"application\/ld+json\" class=\"yoast-schema-graph\">{\"@context\":\"https:\\\/\\\/schema.org\",\"@graph\":[{\"@type\":\"WebPage\",\"@id\":\"https:\\\/\\\/www.pourtex.ch\\\/agb\\\/\",\"url\":\"https:\\\/\\\/www.pourtex.ch\\\/agb\\\/\",\"name\":\"AGB | POURTEX Textilreinigung\",\"isPartOf\":{\"@id\":\"https:\\\/\\\/www.pourtex.ch\\\/#website\"},\"datePublished\":\"2024-10-03T19:42:41+00:00\",\"dateModified\":\"2024-10-03T19:44:31+00:00\",\"breadcrumb\":{\"@id\":\"https:\\\/\\\/www.pourtex.ch\\\/agb\\\/#breadcrumb\"},\"inLanguage\":\"en-US\",\"potentialAction\":[{\"@type\":\"ReadAction\",\"target\":[\"https:\\\/\\\/www.pourtex.ch\\\/agb\\\/\"]}]},{\"@type\":\"BreadcrumbList\",\"@id\":\"https:\\\/\\\/www.pourtex.ch\\\/agb\\\/#breadcrumb\",\"itemListElement\":[{\"@type\":\"ListItem\",\"position\":1,\"name\":\"Home\",\"item\":\"https:\\\/\\\/www.pourtex.ch\\\/\"},{\"@type\":\"ListItem\",\"position\":2,\"name\":\"AGB\"}]},{\"@type\":\"WebSite\",\"@id\":\"https:\\\/\\\/www.pourtex.ch\\\/#website\",\"url\":\"https:\\\/\\\/www.pourtex.ch\\\/\",\"name\":\"POURTEX Textilreinigung\",\"description\":\"f\u00fcr Ihre Textilien nur das Beste!\",\"publisher\":{\"@id\":\"https:\\\/\\\/www.pourtex.ch\\\/#organization\"},\"potentialAction\":[{\"@type\":\"SearchAction\",\"target\":{\"@type\":\"EntryPoint\",\"urlTemplate\":\"https:\\\/\\\/www.pourtex.ch\\\/?s={search_term_string}\"},\"query-input\":{\"@type\":\"PropertyValueSpecification\",\"valueRequired\":true,\"valueName\":\"search_term_string\"}}],\"inLanguage\":\"en-US\"},{\"@type\":\"Organization\",\"@id\":\"https:\\\/\\\/www.pourtex.ch\\\/#organization\",\"name\":\"POURTEX Textilreinigung\",\"alternateName\":\"POURTEX Textilreinigung\",\"url\":\"https:\\\/\\\/www.pourtex.ch\\\/\",\"logo\":{\"@type\":\"ImageObject\",\"inLanguage\":\"en-US\",\"@id\":\"https:\\\/\\\/www.pourtex.ch\\\/#\\\/schema\\\/logo\\\/image\\\/\",\"url\":\"https:\\\/\\\/www.pourtex.ch\\\/wp-content\\\/uploads\\\/2024\\\/10\\\/cropped-Pourtex-Fabicon.jpg\",\"contentUrl\":\"https:\\\/\\\/www.pourtex.ch\\\/wp-content\\\/uploads\\\/2024\\\/10\\\/cropped-Pourtex-Fabicon.jpg\",\"width\":512,\"height\":512,\"caption\":\"POURTEX Textilreinigung\"},\"image\":{\"@id\":\"https:\\\/\\\/www.pourtex.ch\\\/#\\\/schema\\\/logo\\\/image\\\/\"}}]}<\/script>\n<!-- \/ Yoast SEO plugin. -->","yoast_head_json":{"title":"AGB | POURTEX Textilreinigung","robots":{"index":"index","follow":"follow","max-snippet":"max-snippet:-1","max-image-preview":"max-image-preview:large","max-video-preview":"max-video-preview:-1"},"canonical":"https:\/\/www.pourtex.ch\/en\/agb\/","og_locale":"en_US","og_type":"article","og_title":"AGB | POURTEX Textilreinigung","og_description":"ALLGEMEINE GESCH\u00c4FTSBEDINGUNGEN Pourtex Textilreinigung\u00a0Pourtex GmbHZentralstrasse 21, 8610 UsterTelefon 044 552 03 08, info@pourtex.ch\u00a0www.pourtex.ch Mit Abgabe der Artikel werden die Allgemeinen Gesch\u00e4ftsbedingungen anerkannt. AUSF\u00dcHRUNG UND LEISTUNG Wir verpflichten uns zu fachm\u00e4nnischer, sorgf\u00e4ltiger, materialschonender und umweltbewusster Textilpflege. Pourtex kann f\u00fcr besondere Artikel (Risikoteile, teure und\/oder materialbedingt bearbeitungsintensive St\u00fccke usw.) Zuschl\u00e4ge auf den in der Preisliste festgesetzten Preisen [&hellip;]","og_url":"https:\/\/www.pourtex.ch\/en\/agb\/","og_site_name":"POURTEX Textilreinigung","article_modified_time":"2024-10-03T19:44:31+00:00","og_image":[{"width":1500,"height":1001,"url":"https:\/\/www.pourtex.ch\/wp-content\/uploads\/2024\/10\/Pourtex_Kundenkarte.jpg","type":"image\/jpeg"}],"twitter_card":"summary_large_image","twitter_misc":{"Est. reading time":"3 minutes"},"schema":{"@context":"https:\/\/schema.org","@graph":[{"@type":"WebPage","@id":"https:\/\/www.pourtex.ch\/agb\/","url":"https:\/\/www.pourtex.ch\/agb\/","name":"AGB | POURTEX Textilreinigung","isPartOf":{"@id":"https:\/\/www.pourtex.ch\/#website"},"datePublished":"2024-10-03T19:42:41+00:00","dateModified":"2024-10-03T19:44:31+00:00","breadcrumb":{"@id":"https:\/\/www.pourtex.ch\/agb\/#breadcrumb"},"inLanguage":"en-US","potentialAction":[{"@type":"ReadAction","target":["https:\/\/www.pourtex.ch\/agb\/"]}]},{"@type":"BreadcrumbList","@id":"https:\/\/www.pourtex.ch\/agb\/#breadcrumb","itemListElement":[{"@type":"ListItem","position":1,"name":"Home","item":"https:\/\/www.pourtex.ch\/"},{"@type":"ListItem","position":2,"name":"AGB"}]},{"@type":"WebSite","@id":"https:\/\/www.pourtex.ch\/#website","url":"https:\/\/www.pourtex.ch\/","name":"POURTEX Dry Cleaning","description":"f\u00fcr Ihre Textilien nur das Beste!","publisher":{"@id":"https:\/\/www.pourtex.ch\/#organization"},"potentialAction":[{"@type":"SearchAction","target":{"@type":"EntryPoint","urlTemplate":"https:\/\/www.pourtex.ch\/?s={search_term_string}"},"query-input":{"@type":"PropertyValueSpecification","valueRequired":true,"valueName":"search_term_string"}}],"inLanguage":"en-US"},{"@type":"Organization","@id":"https:\/\/www.pourtex.ch\/#organization","name":"POURTEX Dry Cleaning","alternateName":"POURTEX Textilreinigung","url":"https:\/\/www.pourtex.ch\/","logo":{"@type":"ImageObject","inLanguage":"en-US","@id":"https:\/\/www.pourtex.ch\/#\/schema\/logo\/image\/","url":"https:\/\/www.pourtex.ch\/wp-content\/uploads\/2024\/10\/cropped-Pourtex-Fabicon.jpg","contentUrl":"https:\/\/www.pourtex.ch\/wp-content\/uploads\/2024\/10\/cropped-Pourtex-Fabicon.jpg","width":512,"height":512,"caption":"POURTEX Textilreinigung"},"image":{"@id":"https:\/\/www.pourtex.ch\/#\/schema\/logo\/image\/"}}]}},"_links":{"self":[{"href":"https:\/\/www.pourtex.ch\/en\/wp-json\/wp\/v2\/pages\/326","targetHints":{"allow":["GET"]}}],"collection":[{"href":"https:\/\/www.pourtex.ch\/en\/wp-json\/wp\/v2\/pages"}],"about":[{"href":"https:\/\/www.pourtex.ch\/en\/wp-json\/wp\/v2\/types\/page"}],"author":[{"embeddable":true,"href":"https:\/\/www.pourtex.ch\/en\/wp-json\/wp\/v2\/users\/1"}],"replies":[{"embeddable":true,"href":"https:\/\/www.pourtex.ch\/en\/wp-json\/wp\/v2\/comments?post=326"}],"version-history":[{"count":7,"href":"https:\/\/www.pourtex.ch\/en\/wp-json\/wp\/v2\/pages\/326\/revisions"}],"predecessor-version":[{"id":333,"href":"https:\/\/www.pourtex.ch\/en\/wp-json\/wp\/v2\/pages\/326\/revisions\/333"}],"wp:attachment":[{"href":"https:\/\/www.pourtex.ch\/en\/wp-json\/wp\/v2\/media?parent=326"}],"curies":[{"name":"wp","href":"https:\/\/api.w.org\/{rel}","templated":true}]}}